{"id":756,"date":"2018-11-14T17:04:26","date_gmt":"2018-11-14T17:04:26","guid":{"rendered":"http:\/\/befaonline.com\/ru\/?page_id=756"},"modified":"2020-02-07T14:42:25","modified_gmt":"2020-02-07T14:42:25","slug":"datenschutzmitteilung","status":"publish","type":"page","link":"https:\/\/befaonline.com\/ru\/datenschutzmitteilung\/","title":{"rendered":"Datenschutzmitteilung"},"content":{"rendered":"<div><span style=\"color: #333333;\"><strong><u>Privacy declaration:<\/u><\/strong><\/span><\/div>\n<p><span style=\"color: #333333;\">Diese Mitteilung beschreibt, wie <strong>BEFA Handelsgesellschaft m.b.H. <\/strong>(\u201ewir\u201c bzw. \u201euns\u201c), als datenschutzrechtlich Verantwortlicher, Ihre personenbezogenen Daten im Allgemeinen und im Zusammenhang mit dieser Webseite verarbeiten.<\/span><\/p>\n<p><span style=\"color: #333333;\">Sie erreichen uns unter folgenden Kontaktdaten:<\/span><br \/>\n<span style=\"color: #333333;\"> <strong>BEFA Handelsgesellschaft m.b.H.<br \/>\n<\/strong>Managing Director: Komm. Rat Ing. Dipl. Ing. (BA) Rudolf Beyer<\/span><br \/>\n<span style=\"color: #333333;\"> Hackengasse 31 \/ 1A, 1150 Wien, Austria<\/span><br \/>\n<span style=\"color: #333333;\"> Telefon: +43-1-4790208 oder +43-1-4790209<\/span><br \/>\n<span style=\"color: #333333;\"> E-Mail: office@befa.net<\/span><br \/>\n<span style=\"color: #333333;\"> Internet: <a style=\"color: #333333;\" href=\"http:\/\/www.befa.net\/\" target=\"_blank\" rel=\"noopener\">www.befa.net<\/a> | <a style=\"color: #333333;\" href=\"https:\/\/www.befaonline.com\/shop-de\/\" target=\"_blank\" rel=\"noopener\">www.befaonline.com\/shop-de<\/a><\/span><\/p>\n<h2><span style=\"color: #333333;\">1. Zwecke der Datenverarbeitung<\/span><\/h2>\n<p><span style=\"color: #333333;\">Ihre personenbezogenen Daten werden zur Ausf\u00fchrung folgender Zwecke verarbeitet:<\/span><\/p>\n<ul>\n<li><span style=\"color: #333333;\">zur Ausf\u00fchrung der von Ihnen gestellten Anfragen oder Bestellungen, sowie von vorvertraglichen Ma\u00dfnahmen (Gesch\u00e4ftszweck);<\/span><\/li>\n<li><span style=\"color: #333333;\">um Ihnen unsere Webseite zur Verf\u00fcgung zu stellen und um diese Webseite weiter zu verbessern und zu entwickeln;<\/span><\/li>\n<li><span style=\"color: #333333;\">um Nutzungsstatistiken unserer Webseite erstellen zu k\u00f6nnen;<\/span><\/li>\n<li><span style=\"color: #333333;\">um Angriffe auf unsere Webseite erkennen, verhindern und untersuchen zu k\u00f6nnen.<\/span><\/li>\n<\/ul>\n<p><span style=\"color: #333333;\">Diese Daten erheben wir:<\/span><\/p>\n<ul>\n<li><span style=\"color: #333333;\">von Ihnen selbst \u2013 durch Ihr Anschreiben;<\/span><\/li>\n<li><span style=\"color: #333333;\">aus \u00f6ffentliche zug\u00e4nglichen Quellen, wie z.B. Firmen Homepages, allgemeinen\/\u00f6ffentlichen Registern;<\/span><\/li>\n<li><span style=\"color: #333333;\">\u00dcbergabe von Visitenkarten, ,mit ausdr\u00fccklicher Einwilligung und verbundenen Aufforderung mit dem Betroffenem in Kontakt zu treten;<\/span><\/li>\n<li><span style=\"color: #333333;\">durch Dritte, im Rahmen des Gesch\u00e4ftszwecks;<\/span><\/li>\n<\/ul>\n<p><span style=\"color: #333333;\">Die Bereitstellung Ihrer personenbezogenen Daten ist freiwillig. Wir bitten Sie diese uns zur Erf\u00fcllung der Gesch\u00e4ftst\u00e4tigkeit bekannt zu geben. Tun Sie dies nicht, k\u00f6nnen dadurch Beantwortungen oder Angebote unsererseits versp\u00e4tet oder unm\u00f6glich sein, sowie m\u00f6glicherweise nicht alle Funktionen unserer Webseite Ihnen zur Verf\u00fcgung stehen.<\/span><\/p>\n<p><span style=\"color: #333333;\">Die rechtliche Grundlage f\u00fcr die Verarbeitung Ihrer personenbezogenen Daten ist unser \u00fcberwiegendes berechtigtes Interesse, welches darin besteht, die oben genannten Zwecke zu erreichen.<\/span><\/p>\n<h2><span style=\"color: #333333;\">2. Verarbeitete Datenkategorien<\/span><\/h2>\n<p><span style=\"color: #333333;\">Wir verarbeiten folgende Ihrer personenbezogenen Daten auf der Grundlage unseres \u00fcberwiegenden berechtigten Interesses zur Durchf\u00fchrung unserer Gesch\u00e4ftst\u00e4tigkeit (siehe Punkt 1).<\/span><\/p>\n<p><span style=\"color: #333333;\">Die personenbezogenen Daten umfassen Namen, Kontaktdaten (wie Email, Telefon, und\/oder Anschrift) wie die Organisation f\u00fcr die die Person eine Ansprechperson ist.<\/span><\/p>\n<h4><span style=\"color: #333333;\">Cookies<\/span><\/h4>\n<p><span style=\"color: #333333;\">Unsere Website verwendet so genannte Cookies. Dabei handelt es sich um kleine Textdateien, die mit Hilfe des Browsers auf Ihrem Endger\u00e4t abgelegt werden. Sie richten keinen Schaden an.<\/span><br \/>\n<span style=\"color: #333333;\"> Wir nutzen Cookies dazu, unser Angebot nutzerfreundlich zu gestalten. Einige Cookies bleiben auf Ihrem Endger\u00e4t gespeichert, bis Sie diese l\u00f6schen. Sie erm\u00f6glichen es uns, Ihren Browser beim n\u00e4chsten Besuch wiederzuerkennen.<\/span><br \/>\n<span style=\"color: #333333;\"> Wenn Sie dies nicht w\u00fcnschen, so k\u00f6nnen Sie Ihren Browser so einrichten, dass er Sie \u00fcber das Setzen von Cookies informiert und Sie dies nur im Einzelfall erlauben.<\/span><br \/>\n<span style=\"color: #333333;\"> Bei der Deaktivierung von Cookies kann die Funktionalit\u00e4t unserer Website eingeschr\u00e4nkt sein.<\/span><\/p>\n<h4><span style=\"color: #333333;\">Web-Analyse<\/span><br \/>\n<span style=\"color: #333333;\"> Verwendung von Google Analytics<\/span><\/h4>\n<p><span style=\"color: #333333;\">Diese Website benutzt Google Analytics, einen Webanalysedienst der Google Ireland Limited (folgend: Google) mit Sitz in Gordon House, Barrow Street, Dublin 4, Irland. Google Analytics verwendet sog. \u201eCookies\u201c, also Textdateien, die auf Ihrem Computer gespeichert werden und die eine Analyse der Benutzung der Webseite durch Sie erm\u00f6glichen. Die durch das Cookie erzeugten Informationen \u00fcber Ihre Benutzung dieser Webseite werden in der Regel an einen Server von Google in den USA \u00fcbertragen und dort gespeichert. Aufgrund der Aktivierung der IP-Anonymisierung auf diesen Webseiten, wird Ihre IP-Adresse von Google jedoch innerhalb von Mitgliedstaaten der Europ\u00e4ischen Union oder in anderen Vertragsstaaten des Abkommens \u00fcber den Europ\u00e4ischen Wirtschaftsraum zuvor gek\u00fcrzt. Nur in Ausnahmef\u00e4llen wird die volle IP-Adresse an einen Server von Google in den USA \u00fcbertragen und dort gek\u00fcrzt. Im Auftrag des Betreibers dieser Website wird Google diese Informationen benutzen, um Ihre Nutzung der Webseite auszuwerten, um Reports \u00fcber die Webseitenaktivit\u00e4ten zusammenzustellen und um weitere mit der Websitenutzung und der Internetnutzung verbundene Dienstleistungen gegen\u00fcber dem Webseitenbetreiber zu erbringen.<\/span><br \/>\n<span style=\"color: #333333;\"> Die Zwecke der Datenverarbeitung liegen in der Auswertung der Nutzung der Website und in der Zusammenstellung von Reports \u00fcber Aktivit\u00e4ten auf der Website. Die Verarbeitung beruht auf dem berechtigten Interesse des Webseitenbetreibers.<\/span><br \/>\n<span style=\"color: #333333;\"> Sie k\u00f6nnen die Speicherung der Cookies durch eine entsprechende Einstellung Ihrer Browser-Software verhindern. Sie k\u00f6nnen dar\u00fcber hinaus die Erfassung der durch das Cookie erzeugten und auf Ihre Nutzung der Webseite bezogenen Daten (inkl. Ihrer IP-Adresse) an Google sowie die Verarbeitung dieser Daten durch Google verhindern, indem sie das unter dem folgenden Link verf\u00fcgbare Browser-Plugin herunterladen und installieren: Browser Add On zur Deaktivierung von Google Analytics.<\/span><br \/>\n<span style=\"color: #333333;\"> Datenschutzerkl\u00e4rung Google: https:\/\/policies.google.com\/privacy<\/span><br \/>\n<span style=\"color: #333333;\"> Weitere Infos finden Sie auch unter dem Link:<\/span><br \/>\n<span style=\"color: #333333;\"> https:\/\/support.google.com\/analytics\/answer\/6004245?hl=de&amp;ref_topic=2919631<\/span><\/p>\n<h4><span style=\"color: #333333;\">Verwendung von Scriptbibliotheken (Google Webfonts)<\/span><\/h4>\n<p><span style=\"color: #333333;\">Um unsere Inhalte browser\u00fcbergreifend korrekt und grafisch ansprechend darzustellen, verwenden wir auf dieser Website Scriptbibliotheken und Schriftbibliotheken wie z.B. Google Webfonts (https:\/\/fonts.google.com\/). Google Webfonts werden zur Vermeidung mehrfachen Ladens in den Cache Ihres Browsers \u00fcbertragen. Falls der Browser die Google Webfonts nicht unterst\u00fctzt oder den Zugriff unterbindet, werden Inhalte in einer Standardschrift angezeigt.<\/span><br \/>\n<span style=\"color: #333333;\"> Der Aufruf von Scriptbibliotheken oder Schriftbibliotheken l\u00f6st automatisch eine Verbindung zum Betreiber der Bibliothek aus. Dabei ist es theoretisch m\u00f6glich, dass Betreiber entsprechender Bibliotheken Daten erheben (aktuell allerdings auch unklar ob und ggf. zu welchen Zwecken).<\/span><br \/>\n<span style=\"color: #333333;\"> Die Datenschutzrichtlinie des Bibliothekbetreibers Google finden Sie hier: https:\/\/policies.google.com\/privacy<\/span><\/p>\n<h2><span style=\"color: #333333;\">3. \u00dcbermittlung Ihrer personenbezogenen Daten<\/span><\/h2>\n<p><span style=\"color: #333333;\">Zu den oben genannten Zwecken k\u00f6nnen Ihre personenbezogenen Daten an folgende Empf\u00e4nger \u00fcbermittelt werden:<\/span><\/p>\n<ul>\n<li><span style=\"color: #333333;\">Beh\u00f6rden;<\/span><\/li>\n<li><span style=\"color: #333333;\">von uns eingesetzte IT-Dienstleister;<\/span><\/li>\n<li><span style=\"color: #333333;\">von uns eingesetzte Dienstleister (Buchhaltung, Steuerberater, Rechtsanwalt);<\/span><\/li>\n<li><span style=\"color: #333333;\">wenn beteiligt, an der Gesch\u00e4ftsabwicklung partizipierende Dritte, zur Erf\u00fcllung des Gesch\u00e4ftszwecks;<\/span><\/li>\n<\/ul>\n<p><span style=\"color: #333333;\"><strong>Serverdaten<\/strong><\/span><\/p>\n<p><span style=\"color: #333333;\">Beim Besuch unserer Website erhebt und speichert der Provider automatisch Informationen in Sever-Log-Dateien, dies sind: (sogenannte Serverlogfiles):<\/span><br \/>\n<span style=\"color: #333333;\"> \u2013 Browsertyp und -version<\/span><br class=\"\" \/><span style=\"color: #333333;\">\u2013 verwendetes Betriebssystem<\/span><br class=\"\" \/><span style=\"color: #333333;\">\u2013 Webseite, von der aus Sie uns besuchen (Referrer URL)<\/span><br class=\"\" \/><span style=\"color: #333333;\">\u2013 Webseite, die Sie besuchen<\/span><br class=\"\" \/><span style=\"color: #333333;\">\u2013 Datum und Uhrzeit Ihres Zugriffs<\/span><br class=\"\" \/><span style=\"color: #333333;\">\u2013 Ihre Internet Protokoll (IP)-Adresse.<\/span><br \/>\n<span style=\"color: #333333;\"> Diese Daten werden nicht mit anderen Datenquellen zusammengef\u00fchrt. Die Speicherung der oben angef\u00fchrten Daten stellt vor allem hinsichtlich der Sicherheit ein berechtigtes Interesse im Sinne von Art. 6 Abs. 1 lit. f DSGVO dar.<\/span><\/p>\n<h2><span style=\"color: #333333;\">4. Speicherdauer<\/span><\/h2>\n<p><span style=\"color: #333333;\">Ihre personenbezogenen Daten werden von uns solange aufbewahrt, wie dies vern\u00fcnftigerweise von uns als n\u00f6tig erachtet wird, um die unter Punkt 1 erw\u00e4hnten zwecke zu erreichen und wie dies nach anwendbarem Recht zul\u00e4ssig ist. Wir speichern Ihre personenbezogenen Daten jedenfalls solange gesetzliche Aufbewahrungsfristen bestehen oder Verj\u00e4hrungsfristen potentieller Rechtsanspr\u00fcche noch nicht ausgelaufen sind.<\/span><\/p>\n<h2><span style=\"color: #333333;\">5. Ihre Rechte im Zusammenhang mit personenbezogenen Daten<\/span><\/h2>\n<ul>\n<li><span style=\"color: #333333;\">Nach geltendem Recht sind Sie unter anderem berechtigt (unter den Voraussetzungen anwendbaren Rechts):<\/span><\/li>\n<li><span style=\"color: #333333;\">zu \u00fcberpr\u00fcfen, ob und welche personenbezogenen Daten wir \u00fcber Sie gespeichert haben und Kopien dieser Daten zu erhalten;<\/span><\/li>\n<li><span style=\"color: #333333;\">die Berichtigung, Erg\u00e4nzung oder das L\u00f6schen Ihrer personenbezogenen Daten, die falsch sind oder nicht rechtskonform verarbeitet werden, zu verlangen,<\/span><\/li>\n<li><span style=\"color: #333333;\">von uns zu verlangen, die Verarbeitung Ihrer personenbezogenen Daten einzuschr\u00e4nken,<\/span><\/li>\n<li><span style=\"color: #333333;\">unter bestimmten Umst\u00e4nden der Verarbeitung Ihrer personenbezogenen zu widersprechen oder die das Verarbeiten zuvor gegebene Einwilligung zu widerrufen,<\/span><\/li>\n<li><span style=\"color: #333333;\">Daten\u00fcbertragbarkeit, so technisch m\u00f6glich, zu verlangen<\/span><\/li>\n<li><span style=\"color: #333333;\">die Identit\u00e4t von Dritten, an die Daten \u00fcbermittelt werden, zu kennen, und<\/span><\/li>\n<li><span style=\"color: #333333;\">bei der zust\u00e4ndigen Beh\u00f6rde (Datenschutzbeh\u00f6rde) Beschwerde zu erheben.<\/span><\/li>\n<\/ul>\n<h2><span style=\"color: #333333;\">6. Kontakt der \u00f6sterreichischen Datenschutzbeh\u00f6rde<\/span><\/h2>\n<p><span style=\"color: #333333;\">\u00d6sterreichische Datenschutzbeh\u00f6rde<\/span><br \/>\n<span style=\"color: #333333;\"> Wickenburggasse 8<\/span><br \/>\n<span style=\"color: #333333;\"> 1080 Wien<\/span><br \/>\n<span style=\"color: #333333;\"> Telefon: +43 1 52 152-0<\/span><br \/>\n<span style=\"color: #333333;\"> Web: www.dsb.gv.at<\/span><br \/>\n<span style=\"color: #333333;\"> E-Mail: dsb@dsb.gv.at<\/span><\/p>\n<p style=\"text-align: right;\"><span style=\"color: #333333;\">Stand: 14. November 2018<\/span><\/p>\n","protected":false},"excerpt":{"rendered":"<p>Privacy declaration: Diese Mitteilung beschreibt, wie BEFA Handelsgesellschaft m.b.H. (\u201ewir\u201c bzw. \u201euns\u201c), als datenschutzrechtlich Verantwortlicher, Ihre personenbezogenen Daten im Allgemeinen und im Zusammenhang mit dieser Webseite verarbeiten. Sie erreichen uns unter folgenden Kontaktdaten: BEFA Handelsgesellschaft m.b.H. Managing Director: Komm. Rat Ing. Dipl. Ing. (BA) Rudolf Beyer Hackengasse 31 \/ 1A, 1150 Wien, Austria Telefon: +43-1-4790208 [&hellip;]<\/p>\n","protected":false},"author":1,"featured_media":0,"parent":0,"menu_order":0,"comment_status":"closed","ping_status":"closed","template":"tpl_page_nosidebar.php","meta":{"footnotes":""},"_links":{"self":[{"href":"https:\/\/befaonline.com\/ru\/wp-json\/wp\/v2\/pages\/756"}],"collection":[{"href":"https:\/\/befaonline.com\/ru\/wp-json\/wp\/v2\/pages"}],"about":[{"href":"https:\/\/befaonline.com\/ru\/wp-json\/wp\/v2\/types\/page"}],"author":[{"embeddable":true,"href":"https:\/\/befaonline.com\/ru\/wp-json\/wp\/v2\/users\/1"}],"replies":[{"embeddable":true,"href":"https:\/\/befaonline.com\/ru\/wp-json\/wp\/v2\/comments?post=756"}],"version-history":[{"count":6,"href":"https:\/\/befaonline.com\/ru\/wp-json\/wp\/v2\/pages\/756\/revisions"}],"predecessor-version":[{"id":783,"href":"https:\/\/befaonline.com\/ru\/wp-json\/wp\/v2\/pages\/756\/revisions\/783"}],"wp:attachment":[{"href":"https:\/\/befaonline.com\/ru\/wp-json\/wp\/v2\/media?parent=756"}],"curies":[{"name":"wp","href":"https:\/\/api.w.org\/{rel}","templated":true}]}}