{"id":2506,"date":"2020-11-21T11:24:13","date_gmt":"2020-11-21T11:24:13","guid":{"rendered":"http:\/\/befaonline.com\/befa\/?page_id=2506"},"modified":"2025-08-06T09:33:52","modified_gmt":"2025-08-06T09:33:52","slug":"winterstreumittel-streusalz","status":"publish","type":"page","link":"https:\/\/befaonline.com\/befa\/winterstreumittel-streusalz\/","title":{"rendered":"Winterstreumittel &#038; Desinfektion"},"content":{"rendered":"<h3 style=\"text-align: center;\">Bitte besuchen Sie unsere spezielle daf\u00fcr ausgelegte Webseite unter <span style=\"color: #00ff00;\"><strong><a style=\"color: #00ff00;\" href=\"https:\/\/www.befa-tec.com\" target=\"_blank\" rel=\"noopener\"><span style=\"color: #ff0000;\">www.befa-tec.com<\/span><\/a><\/strong><\/span><\/h3>\r\n<p>&nbsp;<\/p>\r\n<p><strong>Angebote f\u00fcr Winterstreumittel<a href=\"https:\/\/befaonline.com\/befa\/befa-steinsalz-25-kg-sack\/\"><img loading=\"lazy\" class=\"alignright size-medium wp-image-2787\" src=\"https:\/\/befaonline.com\/befa\/wp-content\/uploads\/BEFA-Steinsalz-25-kg-Sack-227x300.jpg\" alt=\"\" width=\"227\" height=\"300\" srcset=\"https:\/\/befaonline.com\/befa\/wp-content\/uploads\/BEFA-Steinsalz-25-kg-Sack-227x300.jpg 227w, https:\/\/befaonline.com\/befa\/wp-content\/uploads\/BEFA-Steinsalz-25-kg-Sack.jpg 705w\" sizes=\"(max-width: 227px) 100vw, 227px\" \/><\/a><\/strong><\/p>\r\n<p class=\"v1MsoNormal\">Sortiment f\u00fcr Winterstreumittel u.a.:<\/p>\r\n<ul>\r\n<li style=\"list-style-type: none;\">\r\n<ul>\r\n<li class=\"v1MsoListParagraph\">\u00a0 \u00a0 \u00a0 \u00a0 Steinsalz (25 kg oder 1000 kg Big-Bag)<\/li>\r\n<li class=\"v1MsoListParagraph\">\u00a0 \u00a0 \u00a0 \u00a0 Siedesalz (25 kg oder 1000 kg Big-Bag)<\/li>\r\n<li>\u00a0 \u00a0 \u00a0 \u00a0 Splitt\/Kaliumkarbonat Gemisch (z.b. 70:30)<\/li>\r\n<li class=\"v1MsoListParagraph\">\u00a0 \u00a0 \u00a0 \u00a0 Kaliumkarbonat (25 kg)<\/li>\r\n<li class=\"v1MsoListParagraph\">\u00a0 \u00a0 \u00a0 \u00a0 Sole<\/li>\r\n<\/ul>\r\n<\/li>\r\n<\/ul>\r\n<p class=\"v1MsoNormal\">sowie<\/p>\r\n<p class=\"v1MsoListParagraph\">&#8211;\u00a0\u00a0\u00a0\u00a0\u00a0\u00a0\u00a0\u00a0\u00a0\u00a0Streusplitt \u201eClassic\u201c und<\/p>\r\n<p class=\"v1MsoListParagraph\">&#8211;\u00a0\u00a0\u00a0\u00a0\u00a0\u00a0\u00a0\u00a0\u00a0\u00a0Streusplitt \u201eBasalt\u201c in den g\u00e4ngigen K\u00f6rnungen 2-4 mm und 4-8 mm<\/p>\r\n<p class=\"v1MsoNormal\">Unsere Waren k\u00f6nnen mit einem Ausfolgeschein von unserem Lager 1110 Wien abgeholt werden. Auf Wunsch k\u00f6nnen wir auf Anfrage auch anliefern.<\/p>\r\n<p class=\"v1MsoNormal\">Weiters bieten wir auch H\u00e4nde- und Fl\u00e4chen-Desinfektionsmittel, Einweg-Handschuhe in den g\u00e4ngigen Gr\u00f6\u00dfen und Farben sowie Mundschutz-Masken an.<\/p>\r\n<p class=\"v1MsoNormal\">Schicken Sie uns bitte einfach eine kurze Anfrage oder rufen Sie uns an!<\/p>\r\n<p>Email: <a href=\"mailto:winterdienst@befa.net\">winterdienst@befa.net<\/a><br \/>Tel.: +43 1 479 02 08<\/p>\r\n<p class=\"v1MsoNormal\">Ihr BEFA Team<\/p>\r\n\r\n<p>&nbsp;<\/p>\r\n","protected":false},"excerpt":{"rendered":"<p>Bitte besuchen Sie unsere spezielle daf\u00fcr ausgelegte Webseite unter www.befa-tec.com &nbsp; Angebote f\u00fcr Winterstreumittel Sortiment f\u00fcr Winterstreumittel u.a.: \u00a0 \u00a0 \u00a0 \u00a0 Steinsalz (25 kg oder 1000 kg Big-Bag) \u00a0 \u00a0 \u00a0 \u00a0 Siedesalz (25 kg oder 1000 kg Big-Bag) \u00a0 \u00a0 \u00a0 \u00a0 Splitt\/Kaliumkarbonat Gemisch (z.b. 70:30) \u00a0 \u00a0 \u00a0 \u00a0 Kaliumkarbonat (25 kg) [&hellip;]<\/p>\n","protected":false},"author":1,"featured_media":0,"parent":0,"menu_order":0,"comment_status":"closed","ping_status":"closed","template":"","meta":[],"_links":{"self":[{"href":"https:\/\/befaonline.com\/befa\/wp-json\/wp\/v2\/pages\/2506"}],"collection":[{"href":"https:\/\/befaonline.com\/befa\/wp-json\/wp\/v2\/pages"}],"about":[{"href":"https:\/\/befaonline.com\/befa\/wp-json\/wp\/v2\/types\/page"}],"author":[{"embeddable":true,"href":"https:\/\/befaonline.com\/befa\/wp-json\/wp\/v2\/users\/1"}],"replies":[{"embeddable":true,"href":"https:\/\/befaonline.com\/befa\/wp-json\/wp\/v2\/comments?post=2506"}],"version-history":[{"count":26,"href":"https:\/\/befaonline.com\/befa\/wp-json\/wp\/v2\/pages\/2506\/revisions"}],"predecessor-version":[{"id":2848,"href":"https:\/\/befaonline.com\/befa\/wp-json\/wp\/v2\/pages\/2506\/revisions\/2848"}],"wp:attachment":[{"href":"https:\/\/befaonline.com\/befa\/wp-json\/wp\/v2\/media?parent=2506"}],"curies":[{"name":"wp","href":"https:\/\/api.w.org\/{rel}","templated":true}]}}