{"id":2127,"date":"2018-05-17T09:33:19","date_gmt":"2018-05-17T09:33:19","guid":{"rendered":"http:\/\/befaonline.com\/befa\/?page_id=2127"},"modified":"2020-05-18T15:00:44","modified_gmt":"2020-05-18T15:00:44","slug":"befasecure","status":"publish","type":"page","link":"https:\/\/befaonline.com\/befa\/befasecure\/","title":{"rendered":"BEFAsecure"},"content":{"rendered":"<p><a href=\"http:\/\/www.befasecure.com\" target=\"_blank\" rel=\"noopener\">Zur BEFAsecure Webseite<\/a><\/p>\n<p><strong>DSGVO \u2013 Datenschutz Verpflichtungen<\/strong><\/p>\n<p>Mit der neuen EU-Datenschutzgrundverordnung (DSGVO) m\u00fcssen alle Unternehmen zahlreichen Verpflichtungen nachkommen. Datenschutz sieht unter anderem Vertraulichkeit vor, so dass personenbezogene Daten f\u00fcr Unbefugte (Fremde, Besucher, externes Personal,..) nicht zug\u00e4nglich sind. Dies betrifft nicht ausschlie\u00dflich Ihre digitalen Daten im System, sondern ebenso Ihre Unterlagen in Papierform oder auf externen Datentr\u00e4gern.<\/p>\n<p>Es m\u00fcssen daher geeignete technische und organisatorische Ma\u00dfnahmen (TOM) implementiert werden, um ein dem Risiko angemessenes Schutzniveau zu gew\u00e4hrleisten.<\/p>\n<p>Eine preiswerte Alternative zu teuren Datensicherungsschr\u00e4nken oder \u00a0Wertschutzschr\u00e4nken (Tresore, Safes), die meistens hohe Investitionskosten bedeuten, sind die BEFAsecure Datenschutzschr\u00e4nke.<\/p>\n<p>&nbsp;<\/p>\n<p><strong>DSGVO \u2013 BEFAsecure Datenschutz Schr\u00e4nke <\/strong><\/p>\n<p>Mit den BEFAsecure Datenschutz Schr\u00e4nken kommen Sie einer Verpflichtung nach technischen Ma\u00dfnahmen nach &#8211; auf finanziell schonender Weise.<\/p>\n<p>Die BEFAsecure Datenschutz Schr\u00e4nke bieten eine mehrstufige Einschr\u00e4nkung der Zutrittskontrolle. Jede unterteilte Au\u00dfeneinheit ist versperrbar, abh\u00e4ngig von Modell Art mittels tosischem oder elektrischem Schloss. Das elektrische Schloss bietet durch einen Mastercode und getrennten Benutzercode Schutz vor ungewollter Manipulation. Im Innenraum eines jeden Modells befindet sich ein separat versperrbares Schlie\u00dffach.<\/p>\n<p>Die F\u00e4cher der versperrbaren Hauptt\u00fcre(n) k\u00f6nnen ideal f\u00fcr allgemeine Unterlagen genutzt werden und das separat versperrbare Innenfach ist bestens f\u00fcr die Aufbewahrung von sensiblen Unterlagen oder digitalen Datentr\u00e4ger geeignet.<\/p>\n<p>Die Breite der Innenf\u00e4cher von 457 mm bietet Platz f\u00fcr jeweils mindestens 5 A4 Ordner (bei 8 cm R\u00fcckenbreite).<\/p>\n<p>Aktuell werden folgende Modelle angeboten, f\u00fcr Details folgen Sie bitte dem Link beim entsprechenden Modell:<\/p>\n<table>\n<tbody>\n<tr>\n<td width=\"76\"><strong>Model<\/strong><\/td>\n<td width=\"99\"><strong>Anzahl <\/strong><\/p>\n<p><strong>Front\u00fcren<\/strong><\/td>\n<td width=\"118\"><strong>Au\u00dfenma\u00df<\/strong><\/p>\n<p><strong>H-B-T (mm)<\/strong><\/td>\n<td width=\"98\"><strong>Gewicht<\/strong><\/p>\n<p><strong>(kg)<\/strong><\/td>\n<\/tr>\n<tr>\n<td width=\"76\"><a href=\"https:\/\/befaonline.com\/befa\/wp-content\/uploads\/2018\/05\/BEFA_Secure_Schrank_DS-65.pdf\"><span style=\"color: #000080;\">DS-65<\/span><\/a><\/td>\n<td width=\"99\">1<\/td>\n<td width=\"118\">630-460-340<\/td>\n<td width=\"98\">17,5<\/td>\n<\/tr>\n<tr>\n<td width=\"76\"><a href=\"https:\/\/befaonline.com\/befa\/wp-content\/uploads\/2018\/05\/BEFA_Secure_Schrank_DS-125.pdf\"><span style=\"color: #000080;\">DS-125<\/span><\/a><\/td>\n<td width=\"99\">1<\/td>\n<td width=\"118\">1252-460-340<\/td>\n<td width=\"98\">28,0<\/td>\n<\/tr>\n<tr>\n<td width=\"76\"><a href=\"https:\/\/befaonline.com\/befa\/wp-content\/uploads\/2018\/05\/BEFA_Secure_Schrank_DS-150-3.pdf\"><span style=\"color: #000080;\">DS-150\/3<\/span><\/a><\/td>\n<td width=\"99\">3<\/td>\n<td width=\"118\">1490-460-340<\/td>\n<td width=\"98\">36,8<\/td>\n<\/tr>\n<\/tbody>\n<\/table>\n<p><!-- KOMMENTAR: Platzhalter, ansonsten Text rechts neben Tabelle; 6 &nbsp; --><br \/>\nF\u00fcr weitere Informationen und Bestellungen, wenden Sie sich bitte an:<\/p>\n<p>Email: <a href=\"mailto:verkauf@befa.net\"><span style=\"color: #000080;\">verkauf@befa.net<\/span><\/a><\/p>\n<p>Telefon: 01 \/ 479 02 08<\/p>\n<p>Fax: 01 \/ 479 02 08 17<\/p>\n<p>&nbsp;<\/p>\n<p><a href=\"http:\/\/www.befasecure.com\"><img loading=\"lazy\" class=\"aligncenter wp-image-2371 size-full\" src=\"https:\/\/befaonline.com\/befa\/wp-content\/uploads\/2020\/05\/befa-secure-mitte_final-jpg-300x90.jpg\" alt=\"\" width=\"300\" height=\"90\" srcset=\"https:\/\/befaonline.com\/befa\/wp-content\/uploads\/2020\/05\/befa-secure-mitte_final-jpg-300x90.jpg 300w, https:\/\/befaonline.com\/befa\/wp-content\/uploads\/2020\/05\/befa-secure-mitte_final-jpg-300x90-295x90.jpg 295w\" sizes=\"(max-width: 300px) 100vw, 300px\" \/><\/a><\/p>\n<p style=\"text-align: right;\">Stand 16.05.2018 \u2013 Technische \u00c4nderungen vorbehalten<\/p>\n","protected":false},"excerpt":{"rendered":"<p>Zur BEFAsecure Webseite DSGVO \u2013 Datenschutz Verpflichtungen Mit der neuen EU-Datenschutzgrundverordnung (DSGVO) m\u00fcssen alle Unternehmen zahlreichen Verpflichtungen nachkommen. Datenschutz sieht unter anderem Vertraulichkeit vor, so dass personenbezogene Daten f\u00fcr Unbefugte (Fremde, Besucher, externes Personal,..) nicht zug\u00e4nglich sind. Dies betrifft nicht ausschlie\u00dflich Ihre digitalen Daten im System, sondern ebenso Ihre Unterlagen in Papierform oder auf externen [&hellip;]<\/p>\n","protected":false},"author":1,"featured_media":0,"parent":0,"menu_order":4,"comment_status":"closed","ping_status":"closed","template":"","meta":[],"_links":{"self":[{"href":"https:\/\/befaonline.com\/befa\/wp-json\/wp\/v2\/pages\/2127"}],"collection":[{"href":"https:\/\/befaonline.com\/befa\/wp-json\/wp\/v2\/pages"}],"about":[{"href":"https:\/\/befaonline.com\/befa\/wp-json\/wp\/v2\/types\/page"}],"author":[{"embeddable":true,"href":"https:\/\/befaonline.com\/befa\/wp-json\/wp\/v2\/users\/1"}],"replies":[{"embeddable":true,"href":"https:\/\/befaonline.com\/befa\/wp-json\/wp\/v2\/comments?post=2127"}],"version-history":[{"count":72,"href":"https:\/\/befaonline.com\/befa\/wp-json\/wp\/v2\/pages\/2127\/revisions"}],"predecessor-version":[{"id":2376,"href":"https:\/\/befaonline.com\/befa\/wp-json\/wp\/v2\/pages\/2127\/revisions\/2376"}],"wp:attachment":[{"href":"https:\/\/befaonline.com\/befa\/wp-json\/wp\/v2\/media?parent=2127"}],"curies":[{"name":"wp","href":"https:\/\/api.w.org\/{rel}","templated":true}]}}